{"id":10,"date":"2024-05-31T13:31:57","date_gmt":"2024-05-31T13:31:57","guid":{"rendered":"https:\/\/bodenwiki.ch\/?page_id=10"},"modified":"2024-05-31T19:48:50","modified_gmt":"2024-05-31T19:48:50","slug":"home","status":"publish","type":"page","link":"https:\/\/bodenwiki.ch\/","title":{"rendered":"Home"},"content":{"rendered":"<div id=\"cs-content\" class=\"cs-content\"><div class=\"x-section e10-e1 ma-0\"><div class=\"x-row x-container max width e10-e2 ma-2 ma-3 ma-4\"><div class=\"x-row-inner\"><div class=\"x-col e10-e3 ma-6\"><div class=\"x-text x-content e10-e4 ma-7 ma-8\"><p>Tauchen Sie ein in die Vielfallt der Themen, welche unser Boden hergibt. Entdecken Sie neue Gebiete und lassen Sie uns gemeinsam Erfahren und Erkennen wie viel wir noch nicht wissen.<\/p>\n<p>Versuchen Sie ein Gef\u00fchl daf\u00fcr zu bekommen, indem Sie die Informationen hier nutzen um anschliessend draussen im Wald, im Garten oder auf dem Feld es selbst zu sehen, zu f\u00fchlen und zu riechen. Beginnen Sie selbst mit offenen Augen durch diese Welt zu schreiten und St\u00fcck um St\u00fcck neues zu sehen, zu entdecken und zu erfahren.<\/p>\n<p>Viel Freude und Erfolg!<\/p><\/div><\/div><\/div><\/div><\/div><div class=\"x-section e10-e5 ma-0\"><div class=\"x-row x-container max width e10-e6 ma-2 ma-3 ma-5\"><div class=\"x-row-inner\"><div class=\"x-col e10-e7 ma-6\"><a class=\"x-image e10-e8 ma-a ma-1 foobox\" data-x-effect=\"{&quot;durationBase&quot;:&quot;300ms&quot;}\" href=\"https:\/\/bodenwiki.ch\/wp-content\/uploads\/2024\/05\/Welt-voller-Wunder.jpg\"><img decoding=\"async\" src=\"https:\/\/bodenwiki.ch\/wp-content\/uploads\/2024\/05\/Welt-voller-Wunder.jpg\" width=\"600\" height=\"400\" alt=\"Die Welt voller Wunder\" loading=\"lazy\"><\/a><\/div><div class=\"x-col e10-e9 ma-6\"><div class=\"x-text x-text-headline e10-e10 ma-b\"><div class=\"x-text-content\"><div class=\"x-text-content-text\"><h1 class=\"x-text-content-text-primary\">Die Welt voller Wunder<\/h1><\/div><\/div><\/div><div class=\"x-text x-content e10-e11 ma-7 ma-9\">Wir sehen zu den Sternen und versuchen das Universum zu erforschen, obwohl wir unsere eigene Erde noch nichteinmal erforscht haben.<\/div><\/div><\/div><\/div><\/div><\/div>\n<input class=\"fooboxshare_post_id\" type=\"hidden\" value=\"10\"\/>","protected":false},"excerpt":{"rendered":"<p>Tauchen Sie ein in die Vielfallt der Themen, welche unser Boden hergibt. Entdecken Sie neue Gebiete und lassen Sie uns gemeinsam Erfahren und Erkennen wie viel wir noch nicht wissen. Versuchen Sie ein Gef\u00fchl daf\u00fcr zu bekommen, indem Sie die Informationen hier nutzen um anschliessend draussen im Wald, im Garten oder auf dem Feld es selbst zu sehen, zu f\u00fchlen &#8230; <\/p>\n<div><a href=\"https:\/\/bodenwiki.ch\/\" class=\"more-link\">Read More<\/a><\/div>\n","protected":false},"author":1,"featured_media":0,"parent":0,"menu_order":0,"comment_status":"closed","ping_status":"closed","template":"template-blank-4.php","meta":{"footnotes":""},"_links":{"self":[{"href":"https:\/\/bodenwiki.ch\/index.php\/wp-json\/wp\/v2\/pages\/10"}],"collection":[{"href":"https:\/\/bodenwiki.ch\/index.php\/wp-json\/wp\/v2\/pages"}],"about":[{"href":"https:\/\/bodenwiki.ch\/index.php\/wp-json\/wp\/v2\/types\/page"}],"author":[{"embeddable":true,"href":"https:\/\/bodenwiki.ch\/index.php\/wp-json\/wp\/v2\/users\/1"}],"replies":[{"embeddable":true,"href":"https:\/\/bodenwiki.ch\/index.php\/wp-json\/wp\/v2\/comments?post=10"}],"version-history":[{"count":5,"href":"https:\/\/bodenwiki.ch\/index.php\/wp-json\/wp\/v2\/pages\/10\/revisions"}],"predecessor-version":[{"id":36,"href":"https:\/\/bodenwiki.ch\/index.php\/wp-json\/wp\/v2\/pages\/10\/revisions\/36"}],"wp:attachment":[{"href":"https:\/\/bodenwiki.ch\/index.php\/wp-json\/wp\/v2\/media?parent=10"}],"curies":[{"name":"wp","href":"https:\/\/api.w.org\/{rel}","templated":true}]}}